{"id":2,"date":"2026-04-13T07:32:38","date_gmt":"2026-04-13T07:32:38","guid":{"rendered":"https:\/\/cartagoromanreformas.rkinformatika.online\/?page_id=2"},"modified":"2026-04-15T10:04:28","modified_gmt":"2026-04-15T10:04:28","slug":"inicio","status":"publish","type":"page","link":"https:\/\/cartagoromanreformas.com\/en\/","title":{"rendered":"Home"},"content":{"rendered":"<div data-elementor-type=\"wp-page\" data-elementor-id=\"2\" class=\"elementor elementor-2\" data-elementor-post-type=\"page\">\n\t\t\t\t<div class=\"elementor-element elementor-element-b592e5a e-con-full e-flex e-con e-parent\" data-id=\"b592e5a\" data-element_type=\"container\" data-e-type=\"container\" data-settings=\"{&quot;background_background&quot;:&quot;classic&quot;}\">\n\t\t<div class=\"elementor-element elementor-element-8cf7e93 e-flex e-con-boxed e-con e-child\" data-id=\"8cf7e93\" data-element_type=\"container\" data-e-type=\"container\">\n\t\t\t\t\t<div class=\"e-con-inner\">\n\t\t\t\t<div class=\"elementor-element elementor-element-bc024b0 elementor-widget__width-inherit elementor-invisible elementor-widget elementor-widget-heading\" data-id=\"bc024b0\" data-element_type=\"widget\" data-e-type=\"widget\" data-settings=\"{&quot;_animation&quot;:&quot;fadeInDown&quot;}\" data-widget_type=\"heading.default\">\n\t\t\t\t\t<h2 class=\"elementor-heading-title elementor-size-default\">Home repairs and renovations! <\/h2>\t\t\t\t<\/div>\n\t\t\t\t\t<\/div>\n\t\t\t\t<\/div>\n\t\t\t\t<\/div>\n\t\t<div class=\"elementor-element elementor-element-ed46f65 e-flex e-con-boxed e-con e-parent\" data-id=\"ed46f65\" data-element_type=\"container\" data-e-type=\"container\">\n\t\t\t\t\t<div class=\"e-con-inner\">\n\t\t<div class=\"elementor-element elementor-element-9c9398e e-con-full e-flex e-con e-child\" data-id=\"9c9398e\" data-element_type=\"container\" data-e-type=\"container\">\n\t\t\t\t<div class=\"elementor-element elementor-element-bb1fe59 elementor-widget__width-initial elementor-invisible elementor-widget elementor-widget-heading\" data-id=\"bb1fe59\" data-element_type=\"widget\" data-e-type=\"widget\" data-settings=\"{&quot;_animation&quot;:&quot;fadeInDown&quot;}\" data-widget_type=\"heading.default\">\n\t\t\t\t\t<h2 class=\"elementor-heading-title elementor-size-default\">About us<\/h2>\t\t\t\t<\/div>\n\t\t\t\t<div class=\"elementor-element elementor-element-346e7ea elementor-widget elementor-widget-heading\" data-id=\"346e7ea\" data-element_type=\"widget\" data-e-type=\"widget\" data-widget_type=\"heading.default\">\n\t\t\t\t\t<h2 class=\"elementor-heading-title elementor-size-default\">Repairs today, improvements forever<\/h2>\t\t\t\t<\/div>\n\t\t\t\t<div class=\"elementor-element elementor-element-18a745b elementor-widget-divider--view-line_icon elementor-widget-mobile__width-initial elementor-view-default elementor-widget-divider--element-align-center elementor-widget elementor-widget-divider\" data-id=\"18a745b\" data-element_type=\"widget\" data-e-type=\"widget\" data-widget_type=\"divider.default\">\n\t\t\t\t\t\t\t<div class=\"elementor-divider\">\n\t\t\t<span class=\"elementor-divider-separator\">\n\t\t\t\t\t\t\t<div class=\"elementor-icon elementor-divider__element\">\n\t\t\t\t\t<svg aria-hidden=\"true\" class=\"e-font-icon-svg e-fas-tools\" viewbox=\"0 0 512 512\" xmlns=\"http:\/\/www.w3.org\/2000\/svg\"><path d=\"M501.1 395.7L384 278.6c-23.1-23.1-57.6-27.6-85.4-13.9L192 158.1V96L64 0 0 64l96 128h62.1l106.6 106.6c-13.6 27.8-9.2 62.3 13.9 85.4l117.1 117.1c14.6 14.6 38.2 14.6 52.7 0l52.7-52.7c14.5-14.6 14.5-38.2 0-52.7zM331.7 225c28.3 0 54.9 11 74.9 31l19.4 19.4c15.8-6.9 30.8-16.5 43.8-29.5 37.1-37.1 49.7-89.3 37.9-136.7-2.2-9-13.5-12.1-20.1-5.5l-74.4 74.4-67.9-11.3L334 98.9l74.4-74.4c6.6-6.6 3.4-17.9-5.7-20.2-47.4-11.7-99.6.9-136.6 37.9-28.5 28.5-41.9 66.1-41.2 103.6l82.1 82.1c8.1-1.9 16.5-2.9 24.7-2.9zm-103.9 82l-56.7-56.7L18.7 402.8c-25 25-25 65.5 0 90.5s65.5 25 90.5 0l123.6-123.6c-7.6-19.9-9.9-41.6-5-62.7zM64 472c-13.2 0-24-10.8-24-24 0-13.3 10.7-24 24-24s24 10.7 24 24c0 13.2-10.7 24-24 24z\"><\/path><\/svg><\/div>\n\t\t\t\t\t\t<\/span>\n\t\t<\/div>\n\t\t\t\t\t\t<\/div>\n\t\t\t\t<div class=\"elementor-element elementor-element-b241832 elementor-widget elementor-widget-text-editor\" data-id=\"b241832\" data-element_type=\"widget\" data-e-type=\"widget\" data-widget_type=\"text-editor.default\">\n\t\t\t\t\t\t\t\t\t<p>We started working as freelancers a year ago, but we have over 20 years of experience and since then, we have dedicated our efforts to specializing in offering a comprehensive home repair and renovation service that includes not only walls, floors and ceilings, but also other fundamental aspects that improve the quality and aesthetics of your home.<\/p>\n<p>Our commitment is to guarantee the total satisfaction of our clients by transforming their spaces into more functional and pleasant places.<\/p>\t\t\t\t\t\t\t\t<\/div>\n\t\t\t\t<\/div>\n\t\t<div class=\"elementor-element elementor-element-b9efc36 e-con-full e-flex e-con e-child\" data-id=\"b9efc36\" data-element_type=\"container\" data-e-type=\"container\">\n\t\t\t\t<div class=\"elementor-element elementor-element-e271ddd elementor-widget elementor-widget-image\" data-id=\"e271ddd\" data-element_type=\"widget\" data-e-type=\"widget\" data-widget_type=\"image.default\">\n\t\t\t\t\t\t\t\t\t\t\t\t\t\t\t<img fetchpriority=\"high\" decoding=\"async\" width=\"899\" height=\"1599\" src=\"https:\/\/cartagoromanreformas.com\/wp-content\/uploads\/2026\/04\/FB_IMG_1766090184321-roman-voronych.jpg\" class=\"attachment-full size-full wp-image-127\" alt=\"\" srcset=\"https:\/\/cartagoromanreformas.com\/wp-content\/uploads\/2026\/04\/FB_IMG_1766090184321-roman-voronych.jpg 899w, https:\/\/cartagoromanreformas.com\/wp-content\/uploads\/2026\/04\/FB_IMG_1766090184321-roman-voronych-169x300.jpg 169w, https:\/\/cartagoromanreformas.com\/wp-content\/uploads\/2026\/04\/FB_IMG_1766090184321-roman-voronych-576x1024.jpg 576w, https:\/\/cartagoromanreformas.com\/wp-content\/uploads\/2026\/04\/FB_IMG_1766090184321-roman-voronych-768x1366.jpg 768w, https:\/\/cartagoromanreformas.com\/wp-content\/uploads\/2026\/04\/FB_IMG_1766090184321-roman-voronych-864x1536.jpg 864w, https:\/\/cartagoromanreformas.com\/wp-content\/uploads\/2026\/04\/FB_IMG_1766090184321-roman-voronych-7x12.jpg 7w\" sizes=\"(max-width: 899px) 100vw, 899px\" \/>\t\t\t\t\t\t\t\t\t\t\t\t\t\t\t<\/div>\n\t\t\t\t<\/div>\n\t\t\t\t\t<\/div>\n\t\t\t\t<\/div>\n\t\t<div class=\"elementor-element elementor-element-7e8d94d e-flex e-con-boxed e-con e-parent\" data-id=\"7e8d94d\" data-element_type=\"container\" data-e-type=\"container\" data-settings=\"{&quot;background_background&quot;:&quot;classic&quot;}\">\n\t\t\t\t\t<div class=\"e-con-inner\">\n\t\t<div class=\"elementor-element elementor-element-760be53 e-con-full e-flex e-con e-child\" data-id=\"760be53\" data-element_type=\"container\" data-e-type=\"container\">\n\t\t\t\t<div class=\"elementor-element elementor-element-bbde396 elementor-cta--skin-cover elementor-animated-content elementor-bg-transform elementor-bg-transform-zoom-in elementor-widget elementor-widget-call-to-action\" data-id=\"bbde396\" data-element_type=\"widget\" data-e-type=\"widget\" data-widget_type=\"call-to-action.default\">\n\t\t\t\t\t\t\t<div class=\"elementor-cta\">\n\t\t\t\t\t<div class=\"elementor-cta__bg-wrapper\">\n\t\t\t\t<div class=\"elementor-cta__bg elementor-bg\" style=\"background-image: url(https:\/\/cartagoromanreformas.com\/wp-content\/uploads\/2026\/04\/92897-1024x574.jpg);\" role=\"img\" aria-label=\"92897\"><\/div>\n\t\t\t\t<div class=\"elementor-cta__bg-overlay\"><\/div>\n\t\t\t<\/div>\n\t\t\t\t\t\t\t<div class=\"elementor-cta__content\">\n\t\t\t\t\n\t\t\t\t\t\t\t\t\t<h2 class=\"elementor-cta__title elementor-cta__content-item elementor-content-item elementor-animated-item--grow\">\n\t\t\t\t\t\tRepairs and renovations done with attention to detail, experience, and trust!\t\t\t\t\t<\/h2>\n\t\t\t\t\n\t\t\t\t\n\t\t\t\t\t\t\t\t\t<div class=\"elementor-cta__button-wrapper elementor-cta__content-item elementor-content-item elementor-animated-item--grow\">\n\t\t\t\t\t<a class=\"elementor-cta__button elementor-button elementor-size-\" href=\"\/en\/servicios\/\">\n\t\t\t\t\t\tServices\t\t\t\t\t<\/a>\n\t\t\t\t\t<\/div>\n\t\t\t\t\t\t\t<\/div>\n\t\t\t\t\t\t<\/div>\n\t\t\t\t\t\t<\/div>\n\t\t\t\t<\/div>\n\t\t\t\t\t<\/div>\n\t\t\t\t<\/div>\n\t\t\t\t<\/div>","protected":false},"excerpt":{"rendered":"<p>\u00a1Reparaciones y reformas de hogar! Sobre nosotros Reparamos hoy, mejoras para siempre Empezamos a trabajar hace un a\u00f1o como aut\u00f3nomos pero tenemos mas de 20 a\u00f1os de experiencia y desde entonces, hemos dedicado nuestros esfuerzos a especializarnos en ofrecer un servicio integral de reparaciones y reformas del hogar que incluye no solo paredes, pisos y [&hellip;]<\/p>\n","protected":false},"author":1,"featured_media":0,"parent":0,"menu_order":0,"comment_status":"closed","ping_status":"closed","template":"elementor_canvas","meta":{"footnotes":""},"class_list":["post-2","page","type-page","status-publish","hentry"],"yoast_head":"<!-- This site is optimized with the Yoast SEO plugin v27.4 - https:\/\/yoast.com\/product\/yoast-seo-wordpress\/ -->\n<title>Inicio - CartagoRoman<\/title>\n<meta name=\"robots\" content=\"index, follow, max-snippet:-1, max-image-preview:large, max-video-preview:-1\" \/>\n<link rel=\"canonical\" href=\"https:\/\/cartagoromanreformas.com\/en\/\" \/>\n<meta property=\"og:locale\" content=\"en_GB\" \/>\n<meta property=\"og:type\" content=\"article\" \/>\n<meta property=\"og:title\" content=\"Inicio - CartagoRoman\" \/>\n<meta property=\"og:description\" content=\"\u00a1Reparaciones y reformas de hogar! Sobre nosotros Reparamos hoy, mejoras para siempre Empezamos a trabajar hace un a\u00f1o como aut\u00f3nomos pero tenemos mas de 20 a\u00f1os de experiencia y desde entonces, hemos dedicado nuestros esfuerzos a especializarnos en ofrecer un servicio integral de reparaciones y reformas del hogar que incluye no solo paredes, pisos y [&hellip;]\" \/>\n<meta property=\"og:url\" content=\"https:\/\/cartagoromanreformas.com\/en\/\" \/>\n<meta property=\"og:site_name\" content=\"CartagoRoman\" \/>\n<meta property=\"article:modified_time\" content=\"2026-04-15T10:04:28+00:00\" \/>\n<meta property=\"og:image\" content=\"https:\/\/cartagoromanreformas.com\/wp-content\/uploads\/2026\/04\/FB_IMG_1766090184321-roman-voronych.jpg\" \/>\n<meta name=\"twitter:card\" content=\"summary_large_image\" \/>\n<meta name=\"twitter:label1\" content=\"Estimated reading time\" \/>\n\t<meta name=\"twitter:data1\" content=\"1 minute\" \/>\n<script type=\"application\/ld+json\" class=\"yoast-schema-graph\">{\"@context\":\"https:\\\/\\\/schema.org\",\"@graph\":[{\"@type\":\"WebPage\",\"@id\":\"https:\\\/\\\/cartagoromanreformas.com\\\/\",\"url\":\"https:\\\/\\\/cartagoromanreformas.com\\\/\",\"name\":\"Inicio - CartagoRoman\",\"isPartOf\":{\"@id\":\"https:\\\/\\\/cartagoromanreformas.com\\\/#website\"},\"primaryImageOfPage\":{\"@id\":\"https:\\\/\\\/cartagoromanreformas.com\\\/#primaryimage\"},\"image\":{\"@id\":\"https:\\\/\\\/cartagoromanreformas.com\\\/#primaryimage\"},\"thumbnailUrl\":\"https:\\\/\\\/cartagoromanreformas.com\\\/wp-content\\\/uploads\\\/2026\\\/04\\\/FB_IMG_1766090184321-roman-voronych.jpg\",\"datePublished\":\"2026-04-13T07:32:38+00:00\",\"dateModified\":\"2026-04-15T10:04:28+00:00\",\"breadcrumb\":{\"@id\":\"https:\\\/\\\/cartagoromanreformas.com\\\/#breadcrumb\"},\"inLanguage\":\"en-GB\",\"potentialAction\":[{\"@type\":\"ReadAction\",\"target\":[\"https:\\\/\\\/cartagoromanreformas.com\\\/\"]}]},{\"@type\":\"ImageObject\",\"inLanguage\":\"en-GB\",\"@id\":\"https:\\\/\\\/cartagoromanreformas.com\\\/#primaryimage\",\"url\":\"https:\\\/\\\/cartagoromanreformas.com\\\/wp-content\\\/uploads\\\/2026\\\/04\\\/FB_IMG_1766090184321-roman-voronych.jpg\",\"contentUrl\":\"https:\\\/\\\/cartagoromanreformas.com\\\/wp-content\\\/uploads\\\/2026\\\/04\\\/FB_IMG_1766090184321-roman-voronych.jpg\"},{\"@type\":\"BreadcrumbList\",\"@id\":\"https:\\\/\\\/cartagoromanreformas.com\\\/#breadcrumb\",\"itemListElement\":[{\"@type\":\"ListItem\",\"position\":1,\"name\":\"Portada\",\"item\":\"https:\\\/\\\/cartagoromanreformas.com\\\/\"},{\"@type\":\"ListItem\",\"position\":2,\"name\":\"Inicio\"}]},{\"@type\":\"WebSite\",\"@id\":\"https:\\\/\\\/cartagoromanreformas.com\\\/#website\",\"url\":\"https:\\\/\\\/cartagoromanreformas.com\\\/\",\"name\":\"CartagoRoman\",\"description\":\"CartagoRoman\",\"publisher\":{\"@id\":\"https:\\\/\\\/cartagoromanreformas.com\\\/#organization\"},\"potentialAction\":[{\"@type\":\"SearchAction\",\"target\":{\"@type\":\"EntryPoint\",\"urlTemplate\":\"https:\\\/\\\/cartagoromanreformas.com\\\/?s={search_term_string}\"},\"query-input\":{\"@type\":\"PropertyValueSpecification\",\"valueRequired\":true,\"valueName\":\"search_term_string\"}}],\"inLanguage\":\"en-GB\"},{\"@type\":\"Organization\",\"@id\":\"https:\\\/\\\/cartagoromanreformas.com\\\/#organization\",\"name\":\"CartagoRoman\",\"url\":\"https:\\\/\\\/cartagoromanreformas.com\\\/\",\"logo\":{\"@type\":\"ImageObject\",\"inLanguage\":\"en-GB\",\"@id\":\"https:\\\/\\\/cartagoromanreformas.com\\\/#\\\/schema\\\/logo\\\/image\\\/\",\"url\":\"https:\\\/\\\/cartagoromanreformas.com\\\/wp-content\\\/uploads\\\/2026\\\/04\\\/logo_web-scaled.png\",\"contentUrl\":\"https:\\\/\\\/cartagoromanreformas.com\\\/wp-content\\\/uploads\\\/2026\\\/04\\\/logo_web-scaled.png\",\"width\":2560,\"height\":1189,\"caption\":\"CartagoRoman\"},\"image\":{\"@id\":\"https:\\\/\\\/cartagoromanreformas.com\\\/#\\\/schema\\\/logo\\\/image\\\/\"}}]}<\/script>\n<!-- \/ Yoast SEO plugin. -->","yoast_head_json":{"title":"Inicio - CartagoRoman","robots":{"index":"index","follow":"follow","max-snippet":"max-snippet:-1","max-image-preview":"max-image-preview:large","max-video-preview":"max-video-preview:-1"},"canonical":"https:\/\/cartagoromanreformas.com\/en\/","og_locale":"en_GB","og_type":"article","og_title":"Inicio - CartagoRoman","og_description":"\u00a1Reparaciones y reformas de hogar! Sobre nosotros Reparamos hoy, mejoras para siempre Empezamos a trabajar hace un a\u00f1o como aut\u00f3nomos pero tenemos mas de 20 a\u00f1os de experiencia y desde entonces, hemos dedicado nuestros esfuerzos a especializarnos en ofrecer un servicio integral de reparaciones y reformas del hogar que incluye no solo paredes, pisos y [&hellip;]","og_url":"https:\/\/cartagoromanreformas.com\/en\/","og_site_name":"CartagoRoman","article_modified_time":"2026-04-15T10:04:28+00:00","og_image":[{"url":"https:\/\/cartagoromanreformas.com\/wp-content\/uploads\/2026\/04\/FB_IMG_1766090184321-roman-voronych.jpg","type":"","width":"","height":""}],"twitter_card":"summary_large_image","twitter_misc":{"Estimated reading time":"1 minute"},"schema":{"@context":"https:\/\/schema.org","@graph":[{"@type":"WebPage","@id":"https:\/\/cartagoromanreformas.com\/","url":"https:\/\/cartagoromanreformas.com\/","name":"Inicio - CartagoRoman","isPartOf":{"@id":"https:\/\/cartagoromanreformas.com\/#website"},"primaryImageOfPage":{"@id":"https:\/\/cartagoromanreformas.com\/#primaryimage"},"image":{"@id":"https:\/\/cartagoromanreformas.com\/#primaryimage"},"thumbnailUrl":"https:\/\/cartagoromanreformas.com\/wp-content\/uploads\/2026\/04\/FB_IMG_1766090184321-roman-voronych.jpg","datePublished":"2026-04-13T07:32:38+00:00","dateModified":"2026-04-15T10:04:28+00:00","breadcrumb":{"@id":"https:\/\/cartagoromanreformas.com\/#breadcrumb"},"inLanguage":"en-GB","potentialAction":[{"@type":"ReadAction","target":["https:\/\/cartagoromanreformas.com\/"]}]},{"@type":"ImageObject","inLanguage":"en-GB","@id":"https:\/\/cartagoromanreformas.com\/#primaryimage","url":"https:\/\/cartagoromanreformas.com\/wp-content\/uploads\/2026\/04\/FB_IMG_1766090184321-roman-voronych.jpg","contentUrl":"https:\/\/cartagoromanreformas.com\/wp-content\/uploads\/2026\/04\/FB_IMG_1766090184321-roman-voronych.jpg"},{"@type":"BreadcrumbList","@id":"https:\/\/cartagoromanreformas.com\/#breadcrumb","itemListElement":[{"@type":"ListItem","position":1,"name":"Portada","item":"https:\/\/cartagoromanreformas.com\/"},{"@type":"ListItem","position":2,"name":"Inicio"}]},{"@type":"WebSite","@id":"https:\/\/cartagoromanreformas.com\/#website","url":"https:\/\/cartagoromanreformas.com\/","name":"CartagoRoman","description":"CartagoRoman","publisher":{"@id":"https:\/\/cartagoromanreformas.com\/#organization"},"potentialAction":[{"@type":"SearchAction","target":{"@type":"EntryPoint","urlTemplate":"https:\/\/cartagoromanreformas.com\/?s={search_term_string}"},"query-input":{"@type":"PropertyValueSpecification","valueRequired":true,"valueName":"search_term_string"}}],"inLanguage":"en-GB"},{"@type":"Organization","@id":"https:\/\/cartagoromanreformas.com\/#organization","name":"CartagoRoman","url":"https:\/\/cartagoromanreformas.com\/","logo":{"@type":"ImageObject","inLanguage":"en-GB","@id":"https:\/\/cartagoromanreformas.com\/#\/schema\/logo\/image\/","url":"https:\/\/cartagoromanreformas.com\/wp-content\/uploads\/2026\/04\/logo_web-scaled.png","contentUrl":"https:\/\/cartagoromanreformas.com\/wp-content\/uploads\/2026\/04\/logo_web-scaled.png","width":2560,"height":1189,"caption":"CartagoRoman"},"image":{"@id":"https:\/\/cartagoromanreformas.com\/#\/schema\/logo\/image\/"}}]}},"_links":{"self":[{"href":"https:\/\/cartagoromanreformas.com\/en\/wp-json\/wp\/v2\/pages\/2","targetHints":{"allow":["GET"]}}],"collection":[{"href":"https:\/\/cartagoromanreformas.com\/en\/wp-json\/wp\/v2\/pages"}],"about":[{"href":"https:\/\/cartagoromanreformas.com\/en\/wp-json\/wp\/v2\/types\/page"}],"author":[{"embeddable":true,"href":"https:\/\/cartagoromanreformas.com\/en\/wp-json\/wp\/v2\/users\/1"}],"replies":[{"embeddable":true,"href":"https:\/\/cartagoromanreformas.com\/en\/wp-json\/wp\/v2\/comments?post=2"}],"version-history":[{"count":82,"href":"https:\/\/cartagoromanreformas.com\/en\/wp-json\/wp\/v2\/pages\/2\/revisions"}],"predecessor-version":[{"id":389,"href":"https:\/\/cartagoromanreformas.com\/en\/wp-json\/wp\/v2\/pages\/2\/revisions\/389"}],"wp:attachment":[{"href":"https:\/\/cartagoromanreformas.com\/en\/wp-json\/wp\/v2\/media?parent=2"}],"curies":[{"name":"wp","href":"https:\/\/api.w.org\/{rel}","templated":true}]}}